{"id":1425,"date":"2023-01-16T15:22:37","date_gmt":"2023-01-16T15:22:37","guid":{"rendered":"https:\/\/vinodeangeles.es\/?post_type=product&#038;p=1425"},"modified":"2023-01-16T15:30:35","modified_gmt":"2023-01-16T15:30:35","slug":"aceite-de-oliva-virgen-extra","status":"publish","type":"product","link":"https:\/\/vinodeangeles.es\/en\/product\/aceite-de-oliva-virgen-extra\/","title":{"rendered":"EXTRA VIRGIN OLIVE OIL"},"content":{"rendered":"<section class=\"wpb-content-wrapper\"><div class=\"vc_row wpb_row vc_row-fluid vc_custom_1673882886163 vc_row-has-fill\"><div class=\"wpb_column vc_column_container vc_col-sm-12\"><div class=\"vc_column-inner\"><div class=\"wpb_wrapper\">\n\t<div class=\"title-subtitle-box\" style=\" text-align: left;\">\n\t\t<h1 style=\" font-style: normal;\">ELABORACI\u00d3N DE NUESTRO ACEITE DE OLIVA VIRGEN EXTRA \u201cMARQU\u00c9S DE GARTE\u201d<\/h1>\n\t<\/div> \n\t<div class=\"wpb_text_column wpb_content_element  vc_custom_1673882766450\" >\n\t\t<div class=\"wpb_wrapper\">\n\t\t\t<p><strong>Origen del producto e Historia:<\/strong><\/p>\n<p>El origen de nuestros Aceites Virgen Extra Marqu\u00e9s de Garte, se remonta a producciones limitadas de Olivos Centenarios en los Montes de Toledo. Est\u00e1 aceite parte de la mejor selecci\u00f3n de Olivas en origen.<\/p>\n<p>Todos nuestros Olivos son de edades superiores a los 100 a\u00f1os de antig\u00fcedad.<\/p>\n<p>\u00c9ste aceite se elabora partiendo de un origen primordial, que es, la rigurosa Selecci\u00f3n de las Olivas en recolecci\u00f3n y por un sabio criterio tras su cata. Mayoritariamente nuestro Aceite de Oliva Virgen Extra est\u00e1 elaborado en su cuerpo con mayoritariamente nuestra variedad reina que es la Aceituna \u201cCornicabra\u201d (Aceituna afamada Mundialmente por su excelente calidad, por ser la variedad n\u00ba 1 en polifenoles y, por sus excelentes propiedades culinarias, todas beneficiosas para el organismo), adem\u00e1s con nuestro criterio personal aderezamos muestro aceite con una peque\u00f1a cantidad de nuestras Olivas \u201cArbequina\u201d (para aportarle un poco de gusto suave, afrutado y aportar cierta ligereza al aceite) y un toque final de nuestra variedad \u201cPicual\u201d (para mejorar el ensamblaje y aportarle un aroma exclusivo a \u00e9ste aceite).<\/p>\n<p>Para la elaboraci\u00f3n de nuestro Aceite de Oliva Virgen Extra Marqu\u00e9s de Garte, s\u00f3lo seleccionamos nuestras mejores aceitunas, y producimos el aceite \u00fanicamente aplicando procedimientos mec\u00e1nicos, para conseguir un producto final de sabor excelente y de aromas perfectos.<\/p>\n\n\t\t<\/div>\n\t<\/div>\n<\/div><\/div><\/div><\/div>\n<\/section>","protected":false},"excerpt":{"rendered":"ELABORACI\u00d3N DE NUESTRO ACEITE DE OLIVA VIRGEN EXTRA \u201cMARQU\u00c9S DE GARTE\u201d Origen del producto e Historia: El origen de nuestros Aceites Virgen Extra Marqu\u00e9s de Garte, se remonta a producciones<br class=\"read-more-spacer\"> <a class=\"more-link\" href=\"https:\/\/vinodeangeles.es\/en\/product\/aceite-de-oliva-virgen-extra\/\" data-no-translation=\"\" data-trp-gettext=\"\">Read More<\/a>","protected":false},"featured_media":1426,"comment_status":"closed","ping_status":"closed","template":"","meta":{"inline_featured_image":false},"product_cat":[23],"product_tag":[],"class_list":["post-1425","product","type-product","status-publish","has-post-thumbnail","hentry","product_cat-aceite"],"acf":[],"_links":{"self":[{"href":"https:\/\/vinodeangeles.es\/en\/wp-json\/wp\/v2\/product\/1425","targetHints":{"allow":["GET"]}}],"collection":[{"href":"https:\/\/vinodeangeles.es\/en\/wp-json\/wp\/v2\/product"}],"about":[{"href":"https:\/\/vinodeangeles.es\/en\/wp-json\/wp\/v2\/types\/product"}],"replies":[{"embeddable":true,"href":"https:\/\/vinodeangeles.es\/en\/wp-json\/wp\/v2\/comments?post=1425"}],"wp:featuredmedia":[{"embeddable":true,"href":"https:\/\/vinodeangeles.es\/en\/wp-json\/wp\/v2\/media\/1426"}],"wp:attachment":[{"href":"https:\/\/vinodeangeles.es\/en\/wp-json\/wp\/v2\/media?parent=1425"}],"wp:term":[{"taxonomy":"product_cat","embeddable":true,"href":"https:\/\/vinodeangeles.es\/en\/wp-json\/wp\/v2\/product_cat?post=1425"},{"taxonomy":"product_tag","embeddable":true,"href":"https:\/\/vinodeangeles.es\/en\/wp-json\/wp\/v2\/product_tag?post=1425"}],"curies":[{"name":"wp","href":"https:\/\/api.w.org\/{rel}","templated":true}]}}