{"id":1436,"date":"2023-01-16T15:54:37","date_gmt":"2023-01-16T15:54:37","guid":{"rendered":"https:\/\/vinodeangeles.es\/?post_type=product&#038;p=1436"},"modified":"2023-01-16T15:56:01","modified_gmt":"2023-01-16T15:56:01","slug":"castillo-de-angeles-reserva","status":"publish","type":"product","link":"https:\/\/vinodeangeles.es\/en\/product\/castillo-de-angeles-reserva\/","title":{"rendered":"CASTILLO DE \u00c1NGELES. RESERVA"},"content":{"rendered":"<section class=\"wpb-content-wrapper\"><div class=\"vc_row wpb_row vc_row-fluid vc_custom_1673882886163 vc_row-has-fill\"><div class=\"wpb_column vc_column_container vc_col-sm-12\"><div class=\"vc_column-inner\"><div class=\"wpb_wrapper\">\n\t<div class=\"title-subtitle-box  vc_custom_1673883502045\" style=\" text-align: left;\">\n\t\t<h1 style=\" font-style: normal;\">CATA<\/h1>\n\t<\/div> \n\t<div class=\"wpb_text_column wpb_content_element  vc_custom_1673884539024\" >\n\t\t<div class=\"wpb_wrapper\">\n\t\t\t<p>Color rojo cereza con bordes de color \u00e1mbar. Elegante y muy complejo, profundo y arom\u00e1tico, con fruta roja confitada, toffees, tonos balsamicos, caf\u00e9, cacao, aromas de fruta negra y minerales. Persistente, equilibrado, redondo y lleno de sensaci\u00f3n en la boca.<\/p>\n\n\t\t<\/div>\n\t<\/div>\n\n\t<div class=\"title-subtitle-box  vc_custom_1673883516013\" style=\" text-align: left;\">\n\t\t<h1 style=\" font-style: normal;\">TASTING NOTE:<\/h1>\n\t<\/div> \n\t<div class=\"wpb_text_column wpb_content_element  vc_custom_1673884545335\" >\n\t\t<div class=\"wpb_wrapper\">\n\t\t\t<p>Red cherry colour with edges of color amber. Elegant and very complex, profound and aromatic, with red fruit confit, toffees , balsamics tones, coffee, cacao, mineral and black fruit aromas. Persistent, balanced, rounded and with full sensation in the mouth.<\/p>\n\n\t\t<\/div>\n\t<\/div>\n<\/div><\/div><\/div><\/div>\n<\/section>","protected":false},"excerpt":{"rendered":"CATA Color rojo cereza con bordes de color \u00e1mbar. Elegante y muy complejo, profundo y arom\u00e1tico, con fruta roja confitada, toffees, tonos balsamicos, caf\u00e9, cacao, aromas de fruta negra y<br class=\"read-more-spacer\"> <a class=\"more-link\" href=\"https:\/\/vinodeangeles.es\/en\/product\/castillo-de-angeles-reserva\/\" data-no-translation=\"\" data-trp-gettext=\"\">Read More<\/a>","protected":false},"featured_media":1437,"comment_status":"closed","ping_status":"closed","template":"","meta":{"inline_featured_image":false},"product_cat":[26],"product_tag":[],"class_list":["post-1436","product","type-product","status-publish","has-post-thumbnail","hentry","product_cat-la-rioja"],"acf":[],"_links":{"self":[{"href":"https:\/\/vinodeangeles.es\/en\/wp-json\/wp\/v2\/product\/1436","targetHints":{"allow":["GET"]}}],"collection":[{"href":"https:\/\/vinodeangeles.es\/en\/wp-json\/wp\/v2\/product"}],"about":[{"href":"https:\/\/vinodeangeles.es\/en\/wp-json\/wp\/v2\/types\/product"}],"replies":[{"embeddable":true,"href":"https:\/\/vinodeangeles.es\/en\/wp-json\/wp\/v2\/comments?post=1436"}],"wp:featuredmedia":[{"embeddable":true,"href":"https:\/\/vinodeangeles.es\/en\/wp-json\/wp\/v2\/media\/1437"}],"wp:attachment":[{"href":"https:\/\/vinodeangeles.es\/en\/wp-json\/wp\/v2\/media?parent=1436"}],"wp:term":[{"taxonomy":"product_cat","embeddable":true,"href":"https:\/\/vinodeangeles.es\/en\/wp-json\/wp\/v2\/product_cat?post=1436"},{"taxonomy":"product_tag","embeddable":true,"href":"https:\/\/vinodeangeles.es\/en\/wp-json\/wp\/v2\/product_tag?post=1436"}],"curies":[{"name":"wp","href":"https:\/\/api.w.org\/{rel}","templated":true}]}}