{"id":1442,"date":"2023-01-16T16:04:20","date_gmt":"2023-01-16T16:04:20","guid":{"rendered":"https:\/\/vinodeangeles.es\/?post_type=product&#038;p=1442"},"modified":"2023-01-16T16:05:43","modified_gmt":"2023-01-16T16:05:43","slug":"vino-de-angeles-seleccion-verdejo","status":"publish","type":"product","link":"https:\/\/vinodeangeles.es\/en\/product\/vino-de-angeles-seleccion-verdejo\/","title":{"rendered":"VINO DE \u00c1NGELES. SELECCI\u00d3N VERDEJO"},"content":{"rendered":"<section class=\"wpb-content-wrapper\"><div class=\"vc_row wpb_row vc_row-fluid vc_custom_1673882886163 vc_row-has-fill\"><div class=\"wpb_column vc_column_container vc_col-sm-12\"><div class=\"vc_column-inner\"><div class=\"wpb_wrapper\">\n\t<div class=\"title-subtitle-box  vc_custom_1673883502045\" style=\" text-align: left;\">\n\t\t<h1 style=\" font-style: normal;\">CATA<\/h1>\n\t<\/div> \n\t<div class=\"wpb_text_column wpb_content_element  vc_custom_1673885078496\" >\n\t\t<div class=\"wpb_wrapper\">\n\t\t\t<p>Amarillo pajizo p\u00e1lido con reflejos verdes, brillante y de aspecto muy limpio.<br \/>\nMuy intenso y arom\u00e1tico, ofreciendo mucha fruta verde, azahar, aromas caracter\u00edsticos de la variedad Verdejo como la pera, manzana sobre un fondo complejo de frutas ex\u00f3ticas, notas de hinojo y finas hierbas.<br \/>\nSuave y refrescante, revela un car\u00e1cter elegante, glic\u00e9rico, rico y sedoso paladar.<\/p>\n\n\t\t<\/div>\n\t<\/div>\n\n\t<div class=\"title-subtitle-box  vc_custom_1673883516013\" style=\" text-align: left;\">\n\t\t<h1 style=\" font-style: normal;\">TASTING NOTE:<\/h1>\n\t<\/div> \n\t<div class=\"wpb_text_column wpb_content_element  vc_custom_1673885088510\" >\n\t\t<div class=\"wpb_wrapper\">\n\t\t\t<p>Pale straw yellow with green hints, bright and very clean appearance.<br \/>\nVery intense and aromatic, offering lot of green fruits, citron blossoms, features varietal aromas from Verdejo as pear,<br \/>\napple on a complex background of exotic fruit, hints of fennel and mixed herbs.<br \/>\nSmooth and refreshing, reveals an elegant character, glyceric, rich and silky palate.<\/p>\n\n\t\t<\/div>\n\t<\/div>\n<\/div><\/div><\/div><\/div>\n<\/section>","protected":false},"excerpt":{"rendered":"CATA Amarillo pajizo p\u00e1lido con reflejos verdes, brillante y de aspecto muy limpio. Muy intenso y arom\u00e1tico, ofreciendo mucha fruta verde, azahar, aromas caracter\u00edsticos de la variedad Verdejo como la<br class=\"read-more-spacer\"> <a class=\"more-link\" href=\"https:\/\/vinodeangeles.es\/en\/product\/vino-de-angeles-seleccion-verdejo\/\" data-no-translation=\"\" data-trp-gettext=\"\">Read More<\/a>","protected":false},"featured_media":1443,"comment_status":"closed","ping_status":"closed","template":"","meta":{"inline_featured_image":false},"product_cat":[28],"product_tag":[],"class_list":["post-1442","product","type-product","status-publish","has-post-thumbnail","hentry","product_cat-rueda"],"acf":[],"_links":{"self":[{"href":"https:\/\/vinodeangeles.es\/en\/wp-json\/wp\/v2\/product\/1442","targetHints":{"allow":["GET"]}}],"collection":[{"href":"https:\/\/vinodeangeles.es\/en\/wp-json\/wp\/v2\/product"}],"about":[{"href":"https:\/\/vinodeangeles.es\/en\/wp-json\/wp\/v2\/types\/product"}],"replies":[{"embeddable":true,"href":"https:\/\/vinodeangeles.es\/en\/wp-json\/wp\/v2\/comments?post=1442"}],"wp:featuredmedia":[{"embeddable":true,"href":"https:\/\/vinodeangeles.es\/en\/wp-json\/wp\/v2\/media\/1443"}],"wp:attachment":[{"href":"https:\/\/vinodeangeles.es\/en\/wp-json\/wp\/v2\/media?parent=1442"}],"wp:term":[{"taxonomy":"product_cat","embeddable":true,"href":"https:\/\/vinodeangeles.es\/en\/wp-json\/wp\/v2\/product_cat?post=1442"},{"taxonomy":"product_tag","embeddable":true,"href":"https:\/\/vinodeangeles.es\/en\/wp-json\/wp\/v2\/product_tag?post=1442"}],"curies":[{"name":"wp","href":"https:\/\/api.w.org\/{rel}","templated":true}]}}