{"id":1444,"date":"2023-01-16T16:07:07","date_gmt":"2023-01-16T16:07:07","guid":{"rendered":"https:\/\/vinodeangeles.es\/?post_type=product&#038;p=1444"},"modified":"2023-01-16T16:11:43","modified_gmt":"2023-01-16T16:11:43","slug":"vino-de-angeles-rueda","status":"publish","type":"product","link":"https:\/\/vinodeangeles.es\/en\/product\/vino-de-angeles-rueda\/","title":{"rendered":"VINO DE \u00c1NGELES. RUEDA"},"content":{"rendered":"<section class=\"wpb-content-wrapper\"><div class=\"vc_row wpb_row vc_row-fluid vc_custom_1673882886163 vc_row-has-fill\"><div class=\"wpb_column vc_column_container vc_col-sm-12\"><div class=\"vc_column-inner\"><div class=\"wpb_wrapper\">\n\t<div class=\"title-subtitle-box  vc_custom_1673883502045\" style=\" text-align: left;\">\n\t\t<h1 style=\" font-style: normal;\">CATA<\/h1>\n\t<\/div> \n\t<div class=\"wpb_text_column wpb_content_element  vc_custom_1673885454998\" >\n\t\t<div class=\"wpb_wrapper\">\n\t\t\t<p>Color amarillo con verdosos y acerados reflejos. Potente, fresco e intenso bouquet, con aromas de fruta verde, como manzana, ciruela, albaricoque, pi\u00f1a, an\u00eds y suave alm\u00edbar de pera. Sabroso y bien equilibrado en la boca. Un generoso final, afrutado y herb\u00e1ceo, con un agradable postgusto caracter\u00edstico de la uva Verdejo.<\/p>\n\n\t\t<\/div>\n\t<\/div>\n\n\t<div class=\"title-subtitle-box  vc_custom_1673883516013\" style=\" text-align: left;\">\n\t\t<h1 style=\" font-style: normal;\">TASTING NOTE:<\/h1>\n\t<\/div> \n\t<div class=\"wpb_text_column wpb_content_element  vc_custom_1673885461790\" >\n\t\t<div class=\"wpb_wrapper\">\n\t\t\t<p>Yellow colour with green and Steeled glints. Powerful, fresh and intense bouquet, with aromas of green fruit, such as apple, greengage, apricots, pineapple, aniseed and soft pear syrup. Flavoursome and well-balanced on the palate. A generous finish, fruity and herby, with a pleasantly aftertaste characteristic of the Verdejo grape.<\/p>\n\n\t\t<\/div>\n\t<\/div>\n<\/div><\/div><\/div><\/div>\n<\/section>","protected":false},"excerpt":{"rendered":"CATA Color amarillo con verdosos y acerados reflejos. Potente, fresco e intenso bouquet, con aromas de fruta verde, como manzana, ciruela, albaricoque, pi\u00f1a, an\u00eds y suave alm\u00edbar de pera. Sabroso<br class=\"read-more-spacer\"> <a class=\"more-link\" href=\"https:\/\/vinodeangeles.es\/en\/product\/vino-de-angeles-rueda\/\" data-no-translation=\"\" data-trp-gettext=\"\">Read More<\/a>","protected":false},"featured_media":1445,"comment_status":"closed","ping_status":"closed","template":"","meta":{"inline_featured_image":false},"product_cat":[28],"product_tag":[],"class_list":["post-1444","product","type-product","status-publish","has-post-thumbnail","hentry","product_cat-rueda"],"acf":[],"_links":{"self":[{"href":"https:\/\/vinodeangeles.es\/en\/wp-json\/wp\/v2\/product\/1444","targetHints":{"allow":["GET"]}}],"collection":[{"href":"https:\/\/vinodeangeles.es\/en\/wp-json\/wp\/v2\/product"}],"about":[{"href":"https:\/\/vinodeangeles.es\/en\/wp-json\/wp\/v2\/types\/product"}],"replies":[{"embeddable":true,"href":"https:\/\/vinodeangeles.es\/en\/wp-json\/wp\/v2\/comments?post=1444"}],"wp:featuredmedia":[{"embeddable":true,"href":"https:\/\/vinodeangeles.es\/en\/wp-json\/wp\/v2\/media\/1445"}],"wp:attachment":[{"href":"https:\/\/vinodeangeles.es\/en\/wp-json\/wp\/v2\/media?parent=1444"}],"wp:term":[{"taxonomy":"product_cat","embeddable":true,"href":"https:\/\/vinodeangeles.es\/en\/wp-json\/wp\/v2\/product_cat?post=1444"},{"taxonomy":"product_tag","embeddable":true,"href":"https:\/\/vinodeangeles.es\/en\/wp-json\/wp\/v2\/product_tag?post=1444"}],"curies":[{"name":"wp","href":"https:\/\/api.w.org\/{rel}","templated":true}]}}