{"id":1923,"date":"2023-03-21T09:12:57","date_gmt":"2023-03-21T09:12:57","guid":{"rendered":"https:\/\/vinodeangeles.com\/?post_type=product&#038;p=1923"},"modified":"2023-03-21T10:55:35","modified_gmt":"2023-03-21T10:55:35","slug":"1923","status":"publish","type":"product","link":"https:\/\/vinodeangeles.es\/en\/product\/1923\/","title":{"rendered":"UNA LOBA COMO YO NO ESTA PARA NOVATOS"},"content":{"rendered":"<p><b>\u201cUna Loba como yo no est\u00e1 para novatos\u201d <\/b><\/p>\n<p><b>Rosado. D.O. Cigales<\/b><\/p>\n<p>Se trata de un Rosado de la Denominaci\u00f3n de Origen Cigales, \u00abClarete de toda la vida\u00bb, modernizado, elegante y con amplitud de sensaciones arom\u00e1ticas y jugosa boca. Su base varietal es amplia y carism\u00e1tica; Tempranillo, Garnacha y Garnacha Gris en variedades Tintas y, bien aderezado con Albillo y, Verdejo como base varietal de uvas Blancas.<br \/>\n\u00bfPor qu\u00e9 naci\u00f3 este vino?<br \/>\nPorque a veces los piques de la vida, te hacen volverte una loba\u2026<br \/>\nEste vino es un homenaje a las mujeres que han pasado un mal trago en su vida.<br \/>\nConvertirse en lobas las hace mucho m\u00e1s fuertes.<br \/>\nEn la copa, golosina rosa, espejada, nariz fresca y afrutada.\u00a0 Reminiscencias de piel de mora, violetas y alg\u00fan matiz de confitura de grosella. Media nariz. Boca sedosa y limpia. Correcta acidez y jugoso final de fresa \u00e1cida. Recuerda a los chicles que nos daban de peque\u00f1os.<\/p>\n<p><a href=\"https:\/\/unalobacomoyo.com\/producto\/una-loba-como-yo-no-esta-para-novatos-rosado-2022\/\" rel=\"nofollow noopener\" target=\"_blank\">Compra ya tu vino en<\/a>:<\/p>\n<p><a href=\"https:\/\/unalobacomoyo.com\/producto\/una-loba-como-yo-no-esta-para-novatos-rosado-2022\/\" rel=\"nofollow noopener\" target=\"_blank\">www.unalobacomoyo.com<\/a><\/p>\n<p>&nbsp;<\/p>\n<p>Cualquier consulta en: info@unalobacomoyo.com<\/p>\n<p>info@vinodeangeles.com<\/p>\n<p>Tel\u00e9fono: 645 05 58 62<\/p>","protected":false},"excerpt":{"rendered":"<p>\u201cUna Loba como yo no est\u00e1 para novatos\u201d Rosado. D.O. Cigales Se trata de un Rosado de la Denominaci\u00f3n de Origen Cigales, \u00abClarete de toda la vida\u00bb, modernizado, elegante y<br class=\"read-more-spacer\"> <a class=\"more-link\" href=\"https:\/\/vinodeangeles.es\/en\/product\/1923\/\" data-no-translation=\"\" data-trp-gettext=\"\">Read More<\/a><\/p>","protected":false},"featured_media":1930,"comment_status":"open","ping_status":"closed","template":"","meta":{"inline_featured_image":false},"product_cat":[15,24],"product_tag":[],"class_list":["post-1923","product","type-product","status-publish","has-post-thumbnail","hentry","product_cat-uncategorized","product_cat-cigales"],"acf":[],"_links":{"self":[{"href":"https:\/\/vinodeangeles.es\/en\/wp-json\/wp\/v2\/product\/1923","targetHints":{"allow":["GET"]}}],"collection":[{"href":"https:\/\/vinodeangeles.es\/en\/wp-json\/wp\/v2\/product"}],"about":[{"href":"https:\/\/vinodeangeles.es\/en\/wp-json\/wp\/v2\/types\/product"}],"replies":[{"embeddable":true,"href":"https:\/\/vinodeangeles.es\/en\/wp-json\/wp\/v2\/comments?post=1923"}],"wp:featuredmedia":[{"embeddable":true,"href":"https:\/\/vinodeangeles.es\/en\/wp-json\/wp\/v2\/media\/1930"}],"wp:attachment":[{"href":"https:\/\/vinodeangeles.es\/en\/wp-json\/wp\/v2\/media?parent=1923"}],"wp:term":[{"taxonomy":"product_cat","embeddable":true,"href":"https:\/\/vinodeangeles.es\/en\/wp-json\/wp\/v2\/product_cat?post=1923"},{"taxonomy":"product_tag","embeddable":true,"href":"https:\/\/vinodeangeles.es\/en\/wp-json\/wp\/v2\/product_tag?post=1923"}],"curies":[{"name":"wp","href":"https:\/\/api.w.org\/{rel}","templated":true}]}}