{"id":1934,"date":"2023-03-21T09:26:02","date_gmt":"2023-03-21T09:26:02","guid":{"rendered":"https:\/\/vinodeangeles.com\/?post_type=product&#038;p=1934"},"modified":"2023-03-21T10:55:58","modified_gmt":"2023-03-21T10:55:58","slug":"para-tipos-como-tu","status":"publish","type":"product","link":"https:\/\/vinodeangeles.es\/en\/product\/para-tipos-como-tu\/","title":{"rendered":"PARA TIPOS COMO T\u00da"},"content":{"rendered":"<p><strong>PARA TIPOS COMO T\u00da<\/strong><\/p>\n<p>Roble. Tinto. D.O. Ribera del Duero<\/p>\n<p>Elaborado en la Denominaci\u00f3n de Origen Ribera del Duero. Tempranillo en todo su cuerpo y, con una base de vi\u00f1as viejas \u00f3 muy viejas de m\u00e1s de 50 a\u00f1os. Tinto Seleccionado, con un m\u00ednimo de 4 meses en Barricas de Roble Americano y Franc\u00e9s.<br \/>\n\u00bfPor qu\u00e9 surgi\u00f3 este vino?<br \/>\nEste vino surgi\u00f3 por querer cambiar el Target de \u201cchico malo\u201d, \u201cchico robusto\u201d hacia un vino de car\u00e1cter moderno y elegante.<br \/>\nEn la copa disponemos de un Ribera del Duero, moderno, envolvente, con bordes nazarenos y de capa central color rojo picota. Suave nariz, entremezclada de fruta joven, mora, matices de ciruela negra y \u201ccasi-o\u201d especiada, notas sutiles de roble y regaliz negro. Boca untuosa, sabrosa, final sedoso. Amplio recorrido.<\/p>\n<p><a href=\"https:\/\/unalobacomoyo.com\/producto\/para-tipos-como-tu-ribera-del-duero\/\" rel=\"nofollow noopener\" target=\"_blank\">Compra ya tu vino en<\/a>:<\/p>\n<p><a href=\"https:\/\/unalobacomoyo.com\/producto\/para-tipos-como-tu-ribera-del-duero\/\" rel=\"nofollow noopener\" target=\"_blank\">www.unalobacomoyo.com<\/a><\/p>\n<p>&nbsp;<\/p>\n<p>Cualquier consulta en: info@unalobacomoyo.com<\/p>\n<p>info@vinodeangeles.com<\/p>\n<p>Tel\u00e9fono: 645 05 58 62<\/p>","protected":false},"excerpt":{"rendered":"<p>PARA TIPOS COMO T\u00da Roble. Tinto. D.O. Ribera del Duero Elaborado en la Denominaci\u00f3n de Origen Ribera del Duero. Tempranillo en todo su cuerpo y, con una base de vi\u00f1as<br class=\"read-more-spacer\"> <a class=\"more-link\" href=\"https:\/\/vinodeangeles.es\/en\/product\/para-tipos-como-tu\/\" data-no-translation=\"\" data-trp-gettext=\"\">Read More<\/a><\/p>","protected":false},"featured_media":1932,"comment_status":"open","ping_status":"closed","template":"","meta":{"inline_featured_image":false},"product_cat":[15,27],"product_tag":[],"class_list":["post-1934","product","type-product","status-publish","has-post-thumbnail","hentry","product_cat-uncategorized","product_cat-ribera-del-duero"],"acf":[],"_links":{"self":[{"href":"https:\/\/vinodeangeles.es\/en\/wp-json\/wp\/v2\/product\/1934","targetHints":{"allow":["GET"]}}],"collection":[{"href":"https:\/\/vinodeangeles.es\/en\/wp-json\/wp\/v2\/product"}],"about":[{"href":"https:\/\/vinodeangeles.es\/en\/wp-json\/wp\/v2\/types\/product"}],"replies":[{"embeddable":true,"href":"https:\/\/vinodeangeles.es\/en\/wp-json\/wp\/v2\/comments?post=1934"}],"wp:featuredmedia":[{"embeddable":true,"href":"https:\/\/vinodeangeles.es\/en\/wp-json\/wp\/v2\/media\/1932"}],"wp:attachment":[{"href":"https:\/\/vinodeangeles.es\/en\/wp-json\/wp\/v2\/media?parent=1934"}],"wp:term":[{"taxonomy":"product_cat","embeddable":true,"href":"https:\/\/vinodeangeles.es\/en\/wp-json\/wp\/v2\/product_cat?post=1934"},{"taxonomy":"product_tag","embeddable":true,"href":"https:\/\/vinodeangeles.es\/en\/wp-json\/wp\/v2\/product_tag?post=1934"}],"curies":[{"name":"wp","href":"https:\/\/api.w.org\/{rel}","templated":true}]}}