{"id":1937,"date":"2023-03-21T10:53:34","date_gmt":"2023-03-21T10:53:34","guid":{"rendered":"https:\/\/vinodeangeles.com\/?post_type=product&#038;p=1937"},"modified":"2023-03-21T10:53:34","modified_gmt":"2023-03-21T10:53:34","slug":"las-mujeres-ya-no-lloran-las-mujeres-facturan","status":"publish","type":"product","link":"https:\/\/vinodeangeles.es\/en\/product\/las-mujeres-ya-no-lloran-las-mujeres-facturan\/","title":{"rendered":"LAS MUJERES YA NO LLORAN LAS MUJERES FACTURAN"},"content":{"rendered":"<p><b>\u201cLas Mujeres ya no lloran las Mujeres acturan\u201d<\/b><\/p>\n<p><strong>Frizzante 5.5. Mosto parcialmente Fermentado, de uva Verdejo<\/strong><br \/>\nUn Frizzante, suave, jugoso, dulce y que invita a beber.<\/p>\n<p><strong>\u00bfQu\u00e9 quiere mostrar el vino?<\/strong><br \/>\nEste vino Frizzante destaca el empoderamiento de la mujer y su papel en la sociedad actual.<br \/>\nFrizzante jugoso, chispeante, limpio, amarillo pajizo y de ribetes acero-verdosos. Buena carga arom\u00e1tica, notas de frutas tropicales, c\u00e1scara de c\u00edtrico, Jazmin, mentolados y alguna connotaci\u00f3n de manzana verde. En boca, fresco, goloso, persistente, adecuada burbuja y de buen equilibrio acidez- dulzor. Un vino muy f\u00e1cil de beber.<\/p>\n<p><a href=\"https:\/\/unalobacomoyo.com\/producto\/las-mujeres-ya-no-lloran-las-mujeres-facturan-verdejo-frizzante-2022\/\" rel=\"nofollow noopener\" target=\"_blank\">Compra ya tu vino en<\/a>:<\/p>\n<p><a href=\"https:\/\/unalobacomoyo.com\/producto\/las-mujeres-ya-no-lloran-las-mujeres-facturan-verdejo-frizzante-2022\/\" rel=\"nofollow noopener\" target=\"_blank\">www.unalobacomoyo.com<\/a><\/p>\n<p>&nbsp;<\/p>\n<p>Cualquier consulta en: info@unalobacomoyo.com<\/p>\n<p>info@vinodeangeles.com<\/p>\n<p>Tel\u00e9fono: 645 05 58 62<\/p>","protected":false},"excerpt":{"rendered":"<p>\u201cLas Mujeres ya no lloran las Mujeres acturan\u201d Frizzante 5.5. Mosto parcialmente Fermentado, de uva Verdejo Un Frizzante, suave, jugoso, dulce y que invita a beber. \u00bfQu\u00e9 quiere mostrar el<br class=\"read-more-spacer\"> <a class=\"more-link\" href=\"https:\/\/vinodeangeles.es\/en\/product\/las-mujeres-ya-no-lloran-las-mujeres-facturan\/\" data-no-translation=\"\" data-trp-gettext=\"\">Read More<\/a><\/p>","protected":false},"featured_media":1928,"comment_status":"open","ping_status":"closed","template":"","meta":{"inline_featured_image":false},"product_cat":[15],"product_tag":[],"class_list":["post-1937","product","type-product","status-publish","has-post-thumbnail","hentry","product_cat-uncategorized"],"acf":[],"_links":{"self":[{"href":"https:\/\/vinodeangeles.es\/en\/wp-json\/wp\/v2\/product\/1937","targetHints":{"allow":["GET"]}}],"collection":[{"href":"https:\/\/vinodeangeles.es\/en\/wp-json\/wp\/v2\/product"}],"about":[{"href":"https:\/\/vinodeangeles.es\/en\/wp-json\/wp\/v2\/types\/product"}],"replies":[{"embeddable":true,"href":"https:\/\/vinodeangeles.es\/en\/wp-json\/wp\/v2\/comments?post=1937"}],"wp:featuredmedia":[{"embeddable":true,"href":"https:\/\/vinodeangeles.es\/en\/wp-json\/wp\/v2\/media\/1928"}],"wp:attachment":[{"href":"https:\/\/vinodeangeles.es\/en\/wp-json\/wp\/v2\/media?parent=1937"}],"wp:term":[{"taxonomy":"product_cat","embeddable":true,"href":"https:\/\/vinodeangeles.es\/en\/wp-json\/wp\/v2\/product_cat?post=1937"},{"taxonomy":"product_tag","embeddable":true,"href":"https:\/\/vinodeangeles.es\/en\/wp-json\/wp\/v2\/product_tag?post=1937"}],"curies":[{"name":"wp","href":"https:\/\/api.w.org\/{rel}","templated":true}]}}