{"id":1440,"date":"2023-01-16T16:03:05","date_gmt":"2023-01-16T16:03:05","guid":{"rendered":"https:\/\/vinodeangeles.es\/?post_type=product&#038;p=1440"},"modified":"2023-01-16T16:04:05","modified_gmt":"2023-01-16T16:04:05","slug":"castillo-de-angeles-tinto","status":"publish","type":"product","link":"https:\/\/vinodeangeles.es\/es\/product\/castillo-de-angeles-tinto\/","title":{"rendered":"CASTILLO DE \u00c1NGELES. TINTO"},"content":{"rendered":"<section class=\"wpb-content-wrapper\"><div class=\"vc_row wpb_row vc_row-fluid vc_custom_1673882886163 vc_row-has-fill\"><div class=\"wpb_column vc_column_container vc_col-sm-12\"><div class=\"vc_column-inner\"><div class=\"wpb_wrapper\">\n\t<div class=\"title-subtitle-box  vc_custom_1673883502045\" style=\" text-align: left;\">\n\t\t<h1 style=\" font-style: normal;\">CATA<\/h1>\n\t<\/div> \n\t<div class=\"wpb_text_column wpb_content_element  vc_custom_1673885001743\" >\n\t\t<div class=\"wpb_wrapper\">\n\t\t\t<p>Color cereza oscuro con bordes violetas. Complejidad arom\u00e1tica, con aromas de fruta limpia, como fresas, l\u00e1cteos junto con sensaciones varietales. Boca Armoniosa Con la proporci\u00f3n correcta de acidez, sedoso y con una excelente expresi\u00f3n frutal.<\/p>\n\n\t\t<\/div>\n\t<\/div>\n\n\t<div class=\"title-subtitle-box  vc_custom_1673883516013\" style=\" text-align: left;\">\n\t\t<h1 style=\" font-style: normal;\">TASTING NOTE:<\/h1>\n\t<\/div> \n\t<div class=\"wpb_text_column wpb_content_element  vc_custom_1673885008135\" >\n\t\t<div class=\"wpb_wrapper\">\n\t\t\t<p>Dark cherry colour with violet edges. Aromatic complexity, with very clear fruity aromas such as strawberries, dairy together with varietal sensations. Harmonious palate with the correct proportion of acidity, silky and with an excellent fruity expression.<\/p>\n\n\t\t<\/div>\n\t<\/div>\n<\/div><\/div><\/div><\/div>\n<\/section>","protected":false},"excerpt":{"rendered":"CATA Color cereza oscuro con bordes violetas. Complejidad arom\u00e1tica, con aromas de fruta limpia, como fresas, l\u00e1cteos junto con sensaciones varietales. Boca Armoniosa Con la proporci\u00f3n correcta de acidez, sedoso<br class=\"read-more-spacer\"> <a class=\"more-link\" href=\"https:\/\/vinodeangeles.es\/es\/product\/castillo-de-angeles-tinto\/\">Read More<\/a>","protected":false},"featured_media":1441,"comment_status":"closed","ping_status":"closed","template":"","meta":{"inline_featured_image":false},"product_cat":[26],"product_tag":[],"class_list":["post-1440","product","type-product","status-publish","has-post-thumbnail","hentry","product_cat-la-rioja"],"acf":[],"_links":{"self":[{"href":"https:\/\/vinodeangeles.es\/es\/wp-json\/wp\/v2\/product\/1440","targetHints":{"allow":["GET"]}}],"collection":[{"href":"https:\/\/vinodeangeles.es\/es\/wp-json\/wp\/v2\/product"}],"about":[{"href":"https:\/\/vinodeangeles.es\/es\/wp-json\/wp\/v2\/types\/product"}],"replies":[{"embeddable":true,"href":"https:\/\/vinodeangeles.es\/es\/wp-json\/wp\/v2\/comments?post=1440"}],"wp:featuredmedia":[{"embeddable":true,"href":"https:\/\/vinodeangeles.es\/es\/wp-json\/wp\/v2\/media\/1441"}],"wp:attachment":[{"href":"https:\/\/vinodeangeles.es\/es\/wp-json\/wp\/v2\/media?parent=1440"}],"wp:term":[{"taxonomy":"product_cat","embeddable":true,"href":"https:\/\/vinodeangeles.es\/es\/wp-json\/wp\/v2\/product_cat?post=1440"},{"taxonomy":"product_tag","embeddable":true,"href":"https:\/\/vinodeangeles.es\/es\/wp-json\/wp\/v2\/product_tag?post=1440"}],"curies":[{"name":"wp","href":"https:\/\/api.w.org\/{rel}","templated":true}]}}