{"id":1458,"date":"2023-01-16T16:25:32","date_gmt":"2023-01-16T16:25:32","guid":{"rendered":"https:\/\/vinodeangeles.es\/?post_type=product&#038;p=1458"},"modified":"2023-01-16T16:27:48","modified_gmt":"2023-01-16T16:27:48","slug":"vino-de-angeles-rosado-lagrima","status":"publish","type":"product","link":"https:\/\/vinodeangeles.es\/es\/product\/vino-de-angeles-rosado-lagrima\/","title":{"rendered":"VINO DE ANGELES. ROSADO L\u00c1GRIMA"},"content":{"rendered":"<section class=\"wpb-content-wrapper\"><div class=\"vc_row wpb_row vc_row-fluid vc_custom_1673882886163 vc_row-has-fill\"><div class=\"wpb_column vc_column_container vc_col-sm-12\"><div class=\"vc_column-inner\"><div class=\"wpb_wrapper\">\n\t<div class=\"title-subtitle-box  vc_custom_1673883502045\" style=\" text-align: left;\">\n\t\t<h1 style=\" font-style: normal;\">CATA<\/h1>\n\t<\/div> \n\t<div class=\"wpb_text_column wpb_content_element  vc_custom_1673886402860\" >\n\t\t<div class=\"wpb_wrapper\">\n\t\t\t<p>De color rosa con bordes de color morado y az\u00fal, brillante y cristalino. Sutiles aromas. Gran intensidad arom\u00e1tica con recuerdos florales y frutas rojas (ar\u00e1ndanos, frambuesa, mora y cerezas). Fresco, bien estructurado, con acidez equilibrada y un final sabroso.<\/p>\n\n\t\t<\/div>\n\t<\/div>\n<\/div><\/div><\/div><\/div>\n<\/section>","protected":false},"excerpt":{"rendered":"CATA De color rosa con bordes de color morado y az\u00fal, brillante y cristalino. Sutiles aromas. Gran intensidad arom\u00e1tica con recuerdos florales y frutas rojas (ar\u00e1ndanos, frambuesa, mora y cerezas).<br class=\"read-more-spacer\"> <a class=\"more-link\" href=\"https:\/\/vinodeangeles.es\/es\/product\/vino-de-angeles-rosado-lagrima\/\">Read More<\/a>","protected":false},"featured_media":1459,"comment_status":"closed","ping_status":"closed","template":"","meta":{"inline_featured_image":false},"product_cat":[25],"product_tag":[],"class_list":["post-1458","product","type-product","status-publish","has-post-thumbnail","hentry","product_cat-la-mancha"],"acf":[],"_links":{"self":[{"href":"https:\/\/vinodeangeles.es\/es\/wp-json\/wp\/v2\/product\/1458","targetHints":{"allow":["GET"]}}],"collection":[{"href":"https:\/\/vinodeangeles.es\/es\/wp-json\/wp\/v2\/product"}],"about":[{"href":"https:\/\/vinodeangeles.es\/es\/wp-json\/wp\/v2\/types\/product"}],"replies":[{"embeddable":true,"href":"https:\/\/vinodeangeles.es\/es\/wp-json\/wp\/v2\/comments?post=1458"}],"wp:featuredmedia":[{"embeddable":true,"href":"https:\/\/vinodeangeles.es\/es\/wp-json\/wp\/v2\/media\/1459"}],"wp:attachment":[{"href":"https:\/\/vinodeangeles.es\/es\/wp-json\/wp\/v2\/media?parent=1458"}],"wp:term":[{"taxonomy":"product_cat","embeddable":true,"href":"https:\/\/vinodeangeles.es\/es\/wp-json\/wp\/v2\/product_cat?post=1458"},{"taxonomy":"product_tag","embeddable":true,"href":"https:\/\/vinodeangeles.es\/es\/wp-json\/wp\/v2\/product_tag?post=1458"}],"curies":[{"name":"wp","href":"https:\/\/api.w.org\/{rel}","templated":true}]}}